{"id":1825,"date":"2017-06-10T08:21:56","date_gmt":"2017-06-10T08:21:56","guid":{"rendered":"https:\/\/test.zhyvi-travy.com\/home\/"},"modified":"2023-01-24T17:46:14","modified_gmt":"2023-01-24T17:46:14","slug":"home","status":"publish","type":"page","link":"https:\/\/test.zhyvi-travy.com\/fr\/","title":{"rendered":"Home"},"content":{"rendered":"<div class=\"wpb-content-wrapper\"><p>[vc_row css=\u00a0\u00bb.vc_custom_1516703594032{padding-top: 30px !important;padding-bottom: 40px !important;}\u00a0\u00bb][vc_column width=\u00a0\u00bb2\/3&Prime;]<div class=\"cz_gap clr \" style=\"height: 20px\"><\/div><div id=\"cz_57866\" class=\"cz_57866 cz_title clr cz_title_pos_inline tac\"><div class=\"cz_title_shape shape_text cz_shape_1\">ZHYVI TRAVY<\/div><div class=\"cz_title_content\"><span class=\"cz_line_side_solo\">_<\/span><div class=\"cz_wpe_content\"><h2 style=\"text-align: center;\">\u00c0 propos de l&rsquo;entreprise<\/h2>\n<\/div><span class=\"cz_line_side_solo cz_line_side_after\">_<\/span><\/div><\/div><div class=\"cz_gap clr \" style=\"height: 40px\"><\/div>[vc_column_text]TM \u00ab\u00a0Zhyvi Travy\u00a0\u00bb est un fabricant de th\u00e9s ferment\u00e9s respectueux de l&rsquo;environnement. Nous gagnerons le c\u0153ur de chaque consommateur dans diff\u00e9rentes parties de l&rsquo;Ukraine. Notre mission est d&rsquo;\u00eatre le meilleur de notre industrie et de r\u00e9pondre \u00e0 toutes les pr\u00e9f\u00e9rences et exigences du consommateur. Apr\u00e8s tout, c&rsquo;est une approche individuelle de chaque consommateur qui est au centre de notre philosophie et de notre strat\u00e9gie de d\u00e9veloppement.[\/vc_column_text]<div class=\"cz_btn_center\"><div class=\"cz_69467_p\"><a id=\"cz_69467\" class=\"cz_69467 cz_btn cz_btn_txt_no_fx cz_btn_zoom_in\" href=\"\/fr\/about\/\" title=\"\u041f\u0440\u043e \u043a\u043e\u043c\u043f\u0430\u043d\u0456\u044e\" aria-label=\"\u041f\u0440\u043e \u043a\u043e\u043c\u043f\u0430\u043d\u0456\u044e\"><span><strong>D\u00e9tails<\/strong><\/span><b class=\"cz_btn_onhover\"><strong>D\u00e9tails<\/strong><\/b><\/a><\/div><\/div><div class=\"cz_gap clr \" style=\"height: 70px\"><\/div>[\/vc_column][vc_column width=\u00a0\u00bb1\/3&Prime;]<div id=\"cz_29694\" data-position=\"top-right\" class=\"cz_29694 cz_image clr cz_image_no_fx center_on_mobile\"><div class=\"\" ><div class=\"cz_image_in\"><div class=\"cz_main_image\"><img width=\"600\" height=\"486\" src=\"https:\/\/test.zhyvi-travy.com\/wp-content\/uploads\/2022\/02\/about-us-home-1.jpg\" class=\"attachment-full\" alt=\"\" decoding=\"async\" loading=\"lazy\" title=\"about-us-home-1\" srcset=\"https:\/\/test.zhyvi-travy.com\/wp-content\/uploads\/2022\/02\/about-us-home-1.jpg 600w, https:\/\/test.zhyvi-travy.com\/wp-content\/uploads\/2022\/02\/about-us-home-1-300x243.jpg 300w, https:\/\/test.zhyvi-travy.com\/wp-content\/uploads\/2022\/02\/about-us-home-1-150x122.jpg 150w\" sizes=\"(max-width: 600px) 100vw, 600px\" \/><\/div><\/div><\/div><\/div>[\/vc_column][\/vc_row][vc_row full_width=\u00a0\u00bbstretch_row\u00a0\u00bb parallax=\u00a0\u00bbcontent-moving\u00a0\u00bb parallax_image=\u00a0\u00bb1043&Prime;][vc_column width=\u00a0\u00bb2\/3&Prime;]<div class=\"cz_gap clr  hide_on_mobile\" style=\"height: 600px\"><\/div><div class=\"cz_gap show_on_mobile clr\" style=\"height: 50px\"><\/div>[\/vc_column][vc_column width=\u00a0\u00bb1\/3&Prime;]<div class=\"cz_gap clr  hide_on_mobile\" style=\"height: 250px\"><\/div><div class=\"cz_gap show_on_mobile clr\" style=\"height: 10px\"><\/div><h2 id=\"cz_64858\" data-time=\"3000\" class=\"cz_64858 cz_headline letters scale\"><span class=\"cz_before_text\">Nous produisons du th\u00e9 ferment\u00e9<\/span><span class=\"cz_words-wrapper\"><b class=\"is-visible\">naturel<\/b><b class=\"is-hidden\">cicatrisant<\/b><b class=\"is-hidden\">tonique<\/b><\/span><\/h2><div class=\"cz_gap clr  hide_on_mobile\" style=\"height: 250px\"><\/div><div class=\"cz_gap show_on_mobile clr\" style=\"height: 50px\"><\/div>[\/vc_column][\/vc_row][vc_row][vc_column]<div class=\"cz_gap clr  hide_on_mobile\" style=\"height: 120px\"><\/div><div class=\"cz_gap show_on_mobile clr\" style=\"height: 40px\"><\/div><div id=\"cz_85535\" class=\"cz_85535 cz_title clr cz_title_pos_inline tac\"><div class=\"cz_title_shape shape_text cz_shape_1\">ZHYVI TRAVY<\/div><div class=\"cz_title_content\"><span class=\"cz_line_side_solo\">_<\/span><div class=\"cz_wpe_content\"><h2 style=\"text-align: center;\">Produits recommand\u00e9s<\/h2>\n<\/div><span class=\"cz_line_side_solo cz_line_side_after\">_<\/span><\/div><\/div><div class=\"cz_gap clr  hide_on_mobile\" style=\"height: 70px\"><\/div><div class=\"cz_gap show_on_mobile clr\" style=\"height: 30px\"><\/div>[\/vc_column][\/vc_row][vc_row][vc_column]<div class=\"woocommerce columns-4 \"><ul class=\"products columns-4\">\n<li class=\"product type-product post-1899 status-publish first instock product_cat-le-the has-post-thumbnail purchasable product-type-simple\">\n\t<div class=\"xtra-product-thumbnail\"><\/div><\/li>\n<li class=\"product type-product post-1896 status-publish instock product_cat-le-the has-post-thumbnail purchasable product-type-simple\">\n\t<div class=\"xtra-product-thumbnail\"><\/div><\/li>\n<li class=\"product type-product post-1905 status-publish instock product_cat-le-the has-post-thumbnail purchasable product-type-simple\">\n\t<div class=\"xtra-product-thumbnail\"><\/div><\/li>\n<li class=\"product type-product post-1902 status-publish last instock product_cat-le-the has-post-thumbnail purchasable product-type-simple\">\n\t<div class=\"xtra-product-thumbnail\"><\/div><\/li>\n<\/ul>\n<\/div><div class=\"cz_btn_center\"><div class=\"cz_83816_p\"><a id=\"cz_83816\" class=\"cz_83816 cz_btn cz_btn_txt_no_fx cz_btn_zoom_in\" href=\"\/fr\/shop\"><span><i class=\"fas fa-coffee\"><\/i><strong>Au magasin<\/strong><\/span><b class=\"cz_btn_onhover\"><i class=\"fas fa-coffee\"><\/i><strong>Au magasin<\/strong><\/b><\/a><\/div><\/div><div class=\"cz_gap clr  hide_on_mobile\" style=\"height: 130px\"><\/div><div class=\"cz_gap show_on_mobile clr\" style=\"height: 60px\"><\/div><div id=\"cz_109072\" class=\"cz_109072 cz_title clr cz_title_pos_inline tac\"><div class=\"cz_title_shape shape_text cz_shape_1\">ZHYVI TRAVY<\/div><div class=\"cz_title_content\"><span class=\"cz_line_side_solo\">_<\/span><div class=\"cz_wpe_content\"><h2 style=\"text-align: center;\">Nos avantages<\/h2>\n<\/div><span class=\"cz_line_side_solo cz_line_side_after\">_<\/span><\/div><\/div><div class=\"cz_gap clr  hide_on_mobile\" style=\"height: 80px\"><\/div><div class=\"cz_gap show_on_mobile clr\" style=\"height: 20px\"><\/div>[\/vc_column][\/vc_row][vc_row][vc_column width=\u00a0\u00bb1\/3&Prime;]<div id=\"cz_80045\" class=\"cz_80045 services clr style1 services_b\"><div class=\"service_custom\"><i class=\"fab fa-pagelines\"><\/i><\/div><div class=\"service_text\"><h3>\u00c9cologique<\/h3><div class=\"cz_wpe_content\">il est fabriqu\u00e9 \u00e0 partir de mati\u00e8res premi\u00e8res naturelles qui sont collect\u00e9es \u00e0 la main et s\u00e9ch\u00e9es dans des po\u00eales en briques en utilisant la chaleur du bois<\/div><\/div><\/div>[\/vc_column][vc_column width=\u00a0\u00bb1\/3&Prime;]<div id=\"cz_70585\" class=\"cz_70585 services clr style1 services_b\"><div class=\"service_custom\"><i class=\"fas fa-thumbs-up\"><\/i><\/div><div class=\"service_text\"><h3>La qualit\u00e9<\/h3><div class=\"cz_wpe_content\">les produits de TM \u00ab\u00a0ZHYVI TRAVY\u00a0\u00bb r\u00e9pondent aux exigences et aux normes de qualit\u00e9, ce qui est confirm\u00e9 par le <a href=\"\/wp-content\/uploads\/2021\/09\/sertificate.pdf\">certificat de conformit\u00e9<\/a><\/div><\/div><\/div>[\/vc_column][vc_column width=\u00a0\u00bb1\/3&Prime;]<div id=\"cz_83867\" class=\"cz_83867 services clr style1 services_b\"><div class=\"service_custom\"><i class=\"fas fa-hands-helping\"><\/i><\/div><div class=\"service_text\"><h3>Le professionnalisme<\/h3><div class=\"cz_wpe_content\">exp\u00e9rience dans l&rsquo;utilisation des technologies de traitement des herbes m\u00e9dicinales, s\u00e9lection d&rsquo;une m\u00e9thode de fermentation pour obtenir des propri\u00e9t\u00e9s gustatives uniques du th\u00e9<\/div><\/div><\/div>[\/vc_column][\/vc_row][vc_row][vc_column]<div class=\"cz_gap clr \" style=\"height: 100px\"><\/div><div id=\"cz_83024\" class=\"cz_83024 cz_title clr cz_title_pos_inline tac\"><div class=\"cz_title_shape shape_text cz_shape_1\">ZHYVI TRAVY<\/div><div class=\"cz_title_content\"><span class=\"cz_line_side_solo\">_<\/span><div class=\"cz_wpe_content\"><h2 style=\"text-align: center;\">Articles utiles<\/h2>\n<\/div><span class=\"cz_line_side_solo cz_line_side_after\">_<\/span><\/div><\/div><div class=\"cz_gap clr  hide_on_mobile\" style=\"height: 100px\"><\/div><div class=\"cz_gap show_on_mobile clr\" style=\"height: 40px\"><\/div>[\/vc_column][\/vc_row][vc_row][vc_column]<div id=\"cz_54726\" class=\"cz_54726\"><div class=\"cz_grid cz_grid_1 clr cz_grid_c4 cz_grid_1_no_icon cz_grid_1_bot tal cz_grid_1_always_show cz_grid_fir cz_grid_overlay_20px cz_grid_two_columns_on_mobile\" data-gap=\"30\" data-atts='{\"action\":\"cz_ajax_posts\",\"post_class\":\"cz_grid_item\",\"post__in\":null,\"author__in\":null,\"nonce\":\"7b1d685bea\",\"nonce_id\":\"cz_54726\",\"loadmore_end\":\"Not found more posts\",\"layout\":\"cz_grid_c4\",\"hover\":\"cz_grid_1_no_icon\",\"image_size\":\"medium\",\"subtitles\":\"%5B%7B%22t%22%3A%22date%22%2C%22p%22%3A%22On%20%22%2C%22tc%22%3A%223%22%7D%5D\",\"subtitle_pos\":\"\",\"icon\":\"fa fa-search\",\"el\":\"\",\"title_lenght\":\"\",\"cat_tax\":\"category\",\"cat\":\"\",\"cat_exclude\":\"\",\"tag_tax\":\"post_tag\",\"tag_id\":\"\",\"tag_exclude\":\"\",\"post_type\":\"post\",\"posts_per_page\":\"4\",\"order\":\"DESC\",\"orderby\":\"rand\",\"tilt_data\":null,\"svg_sizes\":[\"0\",\"0\"],\"img_fx\":\"\",\"custom_size\":\"medium\",\"excerpt_rm\":false,\"title_tag\":\"h3\",\"s\":\"\"}'><div class=\"cz_grid_item cz_grid_first\"><\/div><div data-id=\"1849\" class=\"cz_grid_item  cz_posts_list_even 1849 post-1849 post type-post status-publish format-standard has-post-thumbnail hentry category-utile tag-astuces-pour-le-the tag-conseils-de-vie tag-conseils-utiles tag-the\"><div class=\"clr\"><a class=\"cz_grid_link\" href=\"https:\/\/test.zhyvi-travy.com\/fr\/les-astuces-de-the\/\" title=\"Les astuces de th\u00e9\"><img width=\"300\" height=\"200\" src=\"https:\/\/test.zhyvi-travy.com\/wp-content\/uploads\/2022\/01\/cup-tea-tea-herbs-300x200.jpg\" class=\"attachment-medium\" alt=\"\" decoding=\"async\" loading=\"lazy\" title=\"A cup of tea on a tea herbs\" srcset=\"https:\/\/test.zhyvi-travy.com\/wp-content\/uploads\/2022\/01\/cup-tea-tea-herbs-300x200.jpg 300w, https:\/\/test.zhyvi-travy.com\/wp-content\/uploads\/2022\/01\/cup-tea-tea-herbs-600x400.jpg 600w, https:\/\/test.zhyvi-travy.com\/wp-content\/uploads\/2022\/01\/cup-tea-tea-herbs.jpg 739w\" sizes=\"(max-width: 300px) 100vw, 300px\" \/><div class=\"cz_grid_details\"><i class=\"fa fa-search cz_grid_icon\"><\/i><h3>Les astuces de th\u00e9<\/h3><small class=\"clr\"><span class=\"cz_post_data cz_data_date\"><span class=\"cz_data_sub_prefix mr4\">On <\/span>janvier 3, 2022<\/span><\/small><\/div><\/a><\/div><\/div><div data-id=\"1868\" class=\"cz_grid_item  cz_posts_list_odd 1868 post-1868 post type-post status-publish format-standard has-post-thumbnail hentry category-utile tag-feuilles-de-framboise-sauvage tag-le-the-fermente tag-recettes\"><div class=\"clr\"><a class=\"cz_grid_link\" href=\"https:\/\/test.zhyvi-travy.com\/fr\/the-fermente-a-partir-de-feuilles-de-framboisier-sauvage\/\" title=\"Th\u00e9 ferment\u00e9 \u00e0 partir de feuilles de framboisier sauvage\"><img width=\"300\" height=\"194\" src=\"https:\/\/test.zhyvi-travy.com\/wp-content\/uploads\/2021\/11\/raspberry-leaves-1-300x194.jpg\" class=\"attachment-medium\" alt=\"\" decoding=\"async\" loading=\"lazy\" title=\"raspberry-leaves-1\" srcset=\"https:\/\/test.zhyvi-travy.com\/wp-content\/uploads\/2021\/11\/raspberry-leaves-1-300x194.jpg 300w, https:\/\/test.zhyvi-travy.com\/wp-content\/uploads\/2021\/11\/raspberry-leaves-1-600x387.jpg 600w, https:\/\/test.zhyvi-travy.com\/wp-content\/uploads\/2021\/11\/raspberry-leaves-1.jpg 606w\" sizes=\"(max-width: 300px) 100vw, 300px\" \/><div class=\"cz_grid_details\"><i class=\"fa fa-search cz_grid_icon\"><\/i><h3>Th\u00e9 ferment\u00e9 \u00e0 partir de feuilles de framboisier sauvage<\/h3><small class=\"clr\"><span class=\"cz_post_data cz_data_date\"><span class=\"cz_data_sub_prefix mr4\">On <\/span>novembre 20, 2021<\/span><\/small><\/div><\/a><\/div><\/div><div data-id=\"1856\" class=\"cz_grid_item  cz_posts_list_even 1856 post-1856 post type-post status-publish format-standard has-post-thumbnail hentry category-utile tag-conseils-utiles tag-la-sante tag-le-the-noir tag-reponses tag-the\"><div class=\"clr\"><a class=\"cz_grid_link\" href=\"https:\/\/test.zhyvi-travy.com\/fr\/pouvez-vous-ajouter-du-lait-au-the-noir-et-le-boire-le-lendemain-questions-et-reponses-sur-la-boisson-la-plus-populaire\/\" title=\"Pouvez-vous ajouter du lait au th\u00e9 noir et le boire le lendemain : questions et r\u00e9ponses sur la boisson la plus populaire\"><img width=\"300\" height=\"230\" src=\"https:\/\/test.zhyvi-travy.com\/wp-content\/uploads\/2021\/12\/black-tea-with-dry-tea-teapot-300x230.jpg\" class=\"attachment-medium\" alt=\"\" decoding=\"async\" loading=\"lazy\" title=\"\" srcset=\"https:\/\/test.zhyvi-travy.com\/wp-content\/uploads\/2021\/12\/black-tea-with-dry-tea-teapot-300x230.jpg 300w, https:\/\/test.zhyvi-travy.com\/wp-content\/uploads\/2021\/12\/black-tea-with-dry-tea-teapot-600x460.jpg 600w, https:\/\/test.zhyvi-travy.com\/wp-content\/uploads\/2021\/12\/black-tea-with-dry-tea-teapot.jpg 752w\" sizes=\"(max-width: 300px) 100vw, 300px\" \/><div class=\"cz_grid_details\"><i class=\"fa fa-search cz_grid_icon\"><\/i><h3>Pouvez-vous ajouter du lait au th\u00e9 noir et le boire le lendemain : questions et r\u00e9ponses sur la boisson la plus populaire<\/h3><small class=\"clr\"><span class=\"cz_post_data cz_data_date\"><span class=\"cz_data_sub_prefix mr4\">On <\/span>d\u00e9cembre 17, 2021<\/span><\/small><\/div><\/a><\/div><\/div><div data-id=\"1870\" class=\"cz_grid_item  cz_posts_list_odd 1870 post-1870 post type-post status-publish format-standard has-post-thumbnail hentry category-utile tag-avantages tag-fermentation-fr tag-inconvenients tag-le-the-fermente\"><div class=\"clr\"><a class=\"cz_grid_link\" href=\"https:\/\/test.zhyvi-travy.com\/fr\/the-fermente-avantages-et-inconvenients\/\" title=\"Th\u00e9 ferment\u00e9: avantages et inconv\u00e9nients\"><img width=\"300\" height=\"200\" src=\"https:\/\/test.zhyvi-travy.com\/wp-content\/uploads\/2021\/11\/fermented-tea-1-300x200.jpg\" class=\"attachment-medium\" alt=\"\" decoding=\"async\" loading=\"lazy\" title=\"\" srcset=\"https:\/\/test.zhyvi-travy.com\/wp-content\/uploads\/2021\/11\/fermented-tea-1-300x200.jpg 300w, https:\/\/test.zhyvi-travy.com\/wp-content\/uploads\/2021\/11\/fermented-tea-1-600x400.jpg 600w, https:\/\/test.zhyvi-travy.com\/wp-content\/uploads\/2021\/11\/fermented-tea-1.jpg 736w\" sizes=\"(max-width: 300px) 100vw, 300px\" \/><div class=\"cz_grid_details\"><i class=\"fa fa-search cz_grid_icon\"><\/i><h3>Th\u00e9 ferment\u00e9: avantages et inconv\u00e9nients<\/h3><small class=\"clr\"><span class=\"cz_post_data cz_data_date\"><span class=\"cz_data_sub_prefix mr4\">On <\/span>novembre 16, 2021<\/span><\/small><\/div><\/a><\/div><\/div><\/div><\/div>[\/vc_column][\/vc_row][vc_row][vc_column]<div class=\"cz_gap clr \" style=\"height: 100px\"><\/div>[\/vc_column][\/vc_row]<\/p>\n<\/div>","protected":false},"excerpt":{"rendered":"<p>[vc_row css=\u00a0\u00bb.vc_custom_1516703594032{padding-top: 30px !important;padding-bottom: 40px !important;}\u00a0\u00bb][vc_column width=\u00a0\u00bb2\/3&Prime;][vc_column_text]TM \u00ab\u00a0Zhyvi Travy\u00a0\u00bb est un fabricant de th\u00e9s ferment\u00e9s respectueux de l&rsquo;environnement. Nous gagnerons &#8230; <a class=\"cz_readmore\" href=\"https:\/\/test.zhyvi-travy.com\/fr\/the-fermente-avantages-et-inconvenients\/\"><i class=\"fa czico-063-menu-2\" aria-hidden=\"true\"><\/i><span>\u0414\u0435\u0442\u0430\u043b\u044c\u043d\u0456\u0448\u0435<\/span><\/a><\/p>\n","protected":false},"author":1,"featured_media":0,"parent":0,"menu_order":0,"comment_status":"closed","ping_status":"closed","template":"","meta":[],"aioseo_notices":[],"_links":{"self":[{"href":"https:\/\/test.zhyvi-travy.com\/fr\/wp-json\/wp\/v2\/pages\/1825"}],"collection":[{"href":"https:\/\/test.zhyvi-travy.com\/fr\/wp-json\/wp\/v2\/pages"}],"about":[{"href":"https:\/\/test.zhyvi-travy.com\/fr\/wp-json\/wp\/v2\/types\/page"}],"author":[{"embeddable":true,"href":"https:\/\/test.zhyvi-travy.com\/fr\/wp-json\/wp\/v2\/users\/1"}],"replies":[{"embeddable":true,"href":"https:\/\/test.zhyvi-travy.com\/fr\/wp-json\/wp\/v2\/comments?post=1825"}],"version-history":[{"count":15,"href":"https:\/\/test.zhyvi-travy.com\/fr\/wp-json\/wp\/v2\/pages\/1825\/revisions"}],"predecessor-version":[{"id":1974,"href":"https:\/\/test.zhyvi-travy.com\/fr\/wp-json\/wp\/v2\/pages\/1825\/revisions\/1974"}],"wp:attachment":[{"href":"https:\/\/test.zhyvi-travy.com\/fr\/wp-json\/wp\/v2\/media?parent=1825"}],"curies":[{"name":"wp","href":"https:\/\/api.w.org\/{rel}","templated":true}]}}