{"id":2191,"date":"2017-06-10T08:21:56","date_gmt":"2017-06-10T08:21:56","guid":{"rendered":"https:\/\/test.zhyvi-travy.com\/home\/"},"modified":"2023-02-04T10:48:04","modified_gmt":"2023-02-04T10:48:04","slug":"home","status":"publish","type":"page","link":"https:\/\/test.zhyvi-travy.com\/de\/","title":{"rendered":"Home"},"content":{"rendered":"<div class=\"wpb-content-wrapper\"><p>[vc_row css=&#8220;.vc_custom_1516703594032{padding-top: 30px !important;padding-bottom: 40px !important;}&#8220;][vc_column width=&#8220;2\/3&#8243; offset=&#8220;vc_col-sm-offset-0&#8243;]<div class=\"cz_gap clr \" style=\"height: 20px\"><\/div><div id=\"cz_89695\" class=\"cz_89695 cz_title clr cz_title_pos_inline tac\"><div class=\"cz_title_shape shape_text cz_shape_1\">ZHYVI TRAVY<\/div><div class=\"cz_title_content\"><span class=\"cz_line_side_solo\">_<\/span><div class=\"cz_wpe_content\"><h2 style=\"text-align: center;\">\u00dcber unser Unternehmen<\/h2>\n<\/div><span class=\"cz_line_side_solo cz_line_side_after\">_<\/span><\/div><\/div><div class=\"cz_gap clr \" style=\"height: 40px\"><\/div>[vc_column_text]Marke &#8222;Lebende Kr\u00e4uter&#8220; ist ein Hersteller der umweltfreundlichen fermentierten Tees. Wir erobern die Herzen von dem jeden Verbraucher in verschiedenen Teilen der Ukraine. Unser Ziel ist es, die Besten in unserem Gebiet zu sein und alle Vorlieben und Aufforderungen unserer Verbraucher zu erf\u00fcllen. Es ist klar, dass eine individuelle Einstellung zu jedem Verbraucher im Zentrum von unserer Philosophie und Entwicklungsstrategie stattfindet.[\/vc_column_text]<div class=\"cz_btn_center\"><div class=\"cz_99488_p\"><a id=\"cz_99488\" class=\"cz_99488 cz_btn cz_btn_txt_no_fx cz_btn_zoom_in\" href=\"\/de\/about\/\" title=\"\u041f\u0440\u043e \u043a\u043e\u043c\u043f\u0430\u043d\u0456\u044e\" aria-label=\"\u041f\u0440\u043e \u043a\u043e\u043c\u043f\u0430\u043d\u0456\u044e\"><span><strong>Mehr lesen<\/strong><\/span><b class=\"cz_btn_onhover\"><strong>Mehr lesen<\/strong><\/b><\/a><\/div><\/div><div class=\"cz_gap clr  hide_on_mobile\" style=\"height: 70px\"><\/div><div class=\"cz_gap show_on_mobile clr\" style=\"height: 5px\"><\/div>[\/vc_column][vc_column width=&#8220;1\/3&#8243;]<div id=\"cz_29694\" data-position=\"top-right\" class=\"cz_29694 cz_image clr cz_image_no_fx center_on_mobile\"><div class=\"\" ><div class=\"cz_image_in\"><div class=\"cz_main_image\"><img width=\"600\" height=\"486\" src=\"https:\/\/test.zhyvi-travy.com\/wp-content\/uploads\/2022\/02\/about-us-home-1.jpg\" class=\"attachment-full\" alt=\"\" decoding=\"async\" loading=\"lazy\" title=\"about-us-home-1\" srcset=\"https:\/\/test.zhyvi-travy.com\/wp-content\/uploads\/2022\/02\/about-us-home-1.jpg 600w, https:\/\/test.zhyvi-travy.com\/wp-content\/uploads\/2022\/02\/about-us-home-1-300x243.jpg 300w, https:\/\/test.zhyvi-travy.com\/wp-content\/uploads\/2022\/02\/about-us-home-1-150x122.jpg 150w\" sizes=\"(max-width: 600px) 100vw, 600px\" \/><\/div><\/div><\/div><\/div>[\/vc_column][\/vc_row][vc_row full_width=&#8220;stretch_row&#8220; parallax=&#8220;content-moving&#8220; parallax_image=&#8220;1043&#8243;][vc_column width=&#8220;2\/3&#8243;]<div class=\"cz_gap clr  hide_on_mobile\" style=\"height: 600px\"><\/div><div class=\"cz_gap show_on_mobile clr\" style=\"height: 50px\"><\/div>[\/vc_column][vc_column width=&#8220;1\/3&#8243;]<div class=\"cz_gap clr  hide_on_mobile\" style=\"height: 250px\"><\/div><div class=\"cz_gap show_on_mobile clr\" style=\"height: 10px\"><\/div><h2 id=\"cz_51315\" data-time=\"3000\" class=\"cz_51315 cz_headline letters scale\"><span class=\"cz_before_text\">Wir stellen ein<\/span><span class=\"cz_words-wrapper\"><b class=\"is-visible\">nat\u00fcrlicher<\/b><b class=\"is-hidden\"> n\u00fctzlicher<\/b><b class=\"is-hidden\"> heilender<\/b><b class=\"is-hidden\"> kr\u00e4ftiger<\/b><\/span><span class=\"cz_after_text\">fermentierter Tee her<\/span><\/h2><div class=\"cz_gap clr  hide_on_mobile\" style=\"height: 250px\"><\/div><div class=\"cz_gap show_on_mobile clr\" style=\"height: 50px\"><\/div>[\/vc_column][\/vc_row][vc_row][vc_column]<div class=\"cz_gap clr  hide_on_mobile\" style=\"height: 120px\"><\/div><div class=\"cz_gap show_on_mobile clr\" style=\"height: 40px\"><\/div><div id=\"cz_73725\" class=\"cz_73725 cz_title clr cz_title_pos_inline tac\"><div class=\"cz_title_shape shape_text cz_shape_1\">ZHYVI TRAVY<\/div><div class=\"cz_title_content\"><span class=\"cz_line_side_solo\">_<\/span><div class=\"cz_wpe_content\"><h2 style=\"text-align: center;\">Empfohlene Produkte<\/h2>\n<\/div><span class=\"cz_line_side_solo cz_line_side_after\">_<\/span><\/div><\/div><div class=\"cz_gap clr  hide_on_mobile\" style=\"height: 70px\"><\/div><div class=\"cz_gap show_on_mobile clr\" style=\"height: 30px\"><\/div>[\/vc_column][\/vc_row][vc_row][vc_column]<div class=\"woocommerce columns-4 \"><ul class=\"products columns-4\">\n<li class=\"product type-product post-2241 status-publish first instock product_cat-tee has-post-thumbnail purchasable product-type-simple\">\n\t<div class=\"xtra-product-thumbnail\"><\/div><\/li>\n<li class=\"product type-product post-2238 status-publish instock product_cat-tee has-post-thumbnail purchasable product-type-simple\">\n\t<div class=\"xtra-product-thumbnail\"><\/div><\/li>\n<li class=\"product type-product post-2247 status-publish instock product_cat-tee has-post-thumbnail purchasable product-type-simple\">\n\t<div class=\"xtra-product-thumbnail\"><\/div><\/li>\n<li class=\"product type-product post-2244 status-publish last instock product_cat-tee has-post-thumbnail purchasable product-type-simple\">\n\t<div class=\"xtra-product-thumbnail\"><\/div><\/li>\n<\/ul>\n<\/div><div class=\"cz_btn_center\"><div class=\"cz_96876_p\"><a id=\"cz_96876\" class=\"cz_96876 cz_btn cz_btn_txt_no_fx cz_btn_zoom_in\" href=\"\/de\/shop\"><span><i class=\"fas fa-coffee\"><\/i><strong>zum Shop<\/strong><\/span><b class=\"cz_btn_onhover\"><i class=\"fas fa-coffee\"><\/i><strong>zum Shop<\/strong><\/b><\/a><\/div><\/div><div class=\"cz_gap clr  hide_on_mobile\" style=\"height: 130px\"><\/div><div class=\"cz_gap show_on_mobile clr\" style=\"height: 60px\"><\/div><div id=\"cz_107080\" class=\"cz_107080 cz_title clr cz_title_pos_inline tac\"><div class=\"cz_title_shape shape_text cz_shape_1\">ZHYVI TRAVY<\/div><div class=\"cz_title_content\"><span class=\"cz_line_side_solo\">_<\/span><div class=\"cz_wpe_content\"><h2 style=\"text-align: center;\">Unsere Vorz\u00fcge<\/h2>\n<\/div><span class=\"cz_line_side_solo cz_line_side_after\">_<\/span><\/div><\/div><div class=\"cz_gap clr  hide_on_mobile\" style=\"height: 80px\"><\/div><div class=\"cz_gap show_on_mobile clr\" style=\"height: 20px\"><\/div>[\/vc_column][\/vc_row][vc_row][vc_column width=&#8220;1\/3&#8243;]<div id=\"cz_80045\" class=\"cz_80045 services clr style1 services_b\"><div class=\"service_custom\"><i class=\"fab fa-pagelines\"><\/i><\/div><div class=\"service_text\"><h3>Umweltfreundlichkeit<\/h3><div class=\"cz_wpe_content\">der Tee ist aus den nat\u00fcrlichen Stoffen hergestellt, die man manuell sammelt und in einem Steinofen mit Benutzung der W\u00e4rme von Holzbrennstoff trocknet<\/div><\/div><\/div>[\/vc_column][vc_column width=&#8220;1\/3&#8243;]<div id=\"cz_70585\" class=\"cz_70585 services clr style1 services_b\"><div class=\"service_custom\"><i class=\"fas fa-thumbs-up\"><\/i><\/div><div class=\"service_text\"><h3>Qualit\u00e4t<\/h3><div class=\"cz_wpe_content\">die Produktion der Marke &#8222;Lebende Kr\u00e4uter&#8220; entspricht den Aufforderungen und Qualit\u00e4tsstandarten, was mit einer <a href=\"\/wp-content\/uploads\/2021\/09\/sertificate.pdf\">Konformit\u00e4tserkl\u00e4rung<\/a> best\u00e4tigt ist<\/div><\/div><\/div>[\/vc_column][vc_column width=&#8220;1\/3&#8243;]<div id=\"cz_83867\" class=\"cz_83867 services clr style1 services_b\"><div class=\"service_custom\"><i class=\"fas fa-hands-helping\"><\/i><\/div><div class=\"service_text\"><h3>Professionalit\u00e4t<\/h3><div class=\"cz_wpe_content\">die Erfahrung in der Benutzung von den Technologien der Bearbeitung der Heilpflanzen, das Aussuchen der Fermentationsmethode, um die unwiederholbaren Geschmackseigenschaften von Tee zu bekommen<\/div><\/div><\/div>[\/vc_column][\/vc_row][vc_row][vc_column]<div class=\"cz_gap clr  hide_on_mobile\" style=\"height: 100px\"><\/div><div class=\"cz_gap show_on_mobile clr\" style=\"height: 10px\"><\/div><div id=\"cz_14558\" class=\"cz_14558 cz_title clr cz_title_pos_inline tac\"><div class=\"cz_title_shape shape_text cz_shape_1\">ZHYVI TRAVY<\/div><div class=\"cz_title_content\"><span class=\"cz_line_side_solo\">_<\/span><div class=\"cz_wpe_content\"><h2 style=\"text-align: center;\">Artikel<\/h2>\n<\/div><span class=\"cz_line_side_solo cz_line_side_after\">_<\/span><\/div><\/div><div class=\"cz_gap clr  hide_on_mobile\" style=\"height: 100px\"><\/div><div class=\"cz_gap show_on_mobile clr\" style=\"height: 20px\"><\/div>[\/vc_column][\/vc_row][vc_row][vc_column]<div id=\"cz_91453\" class=\"cz_91453\"><div class=\"cz_grid cz_grid_1 clr cz_grid_c4 cz_grid_1_no_icon cz_grid_1_bot tal cz_grid_1_always_show cz_grid_fir cz_grid_overlay_20px cz_grid_two_columns_on_mobile\" data-gap=\"30\" data-atts='{\"action\":\"cz_ajax_posts\",\"post_class\":\"cz_grid_item\",\"post__in\":null,\"author__in\":null,\"nonce\":\"11b497caa9\",\"nonce_id\":\"cz_91453\",\"loadmore_end\":\"Not found more posts\",\"layout\":\"cz_grid_c4\",\"hover\":\"cz_grid_1_no_icon\",\"image_size\":\"medium\",\"subtitles\":\"%5B%7B%22t%22%3A%22date%22%2C%22tc%22%3A%223%22%7D%5D\",\"subtitle_pos\":\"\",\"icon\":\"fa fa-search\",\"el\":\"\",\"title_lenght\":\"\",\"cat_tax\":\"category\",\"cat\":\"\",\"cat_exclude\":\"\",\"tag_tax\":\"post_tag\",\"tag_id\":\"\",\"tag_exclude\":\"\",\"post_type\":\"post\",\"posts_per_page\":\"4\",\"order\":\"DESC\",\"orderby\":\"rand\",\"tilt_data\":null,\"svg_sizes\":[\"0\",\"0\"],\"img_fx\":\"\",\"custom_size\":\"medium\",\"excerpt_rm\":false,\"title_tag\":\"h3\",\"s\":\"\"}'><div class=\"cz_grid_item cz_grid_first\"><\/div><div data-id=\"2262\" class=\"cz_grid_item  cz_posts_list_even 2262 post-2262 post type-post status-publish format-standard has-post-thumbnail hentry category-nutzlich tag-biochemie tag-geschmack tag-gesundheit tag-tee\"><div class=\"clr\"><a class=\"cz_grid_link\" href=\"https:\/\/test.zhyvi-travy.com\/de\/biochemie-des-teegeschmacks\/\" title=\"Biochemie des Teegeschmacks\"><img width=\"300\" height=\"200\" src=\"https:\/\/test.zhyvi-travy.com\/wp-content\/uploads\/2021\/12\/taste-of-tea-300x200.jpg\" class=\"attachment-medium\" alt=\"\" decoding=\"async\" loading=\"lazy\" title=\"\" srcset=\"https:\/\/test.zhyvi-travy.com\/wp-content\/uploads\/2021\/12\/taste-of-tea-300x200.jpg 300w, https:\/\/test.zhyvi-travy.com\/wp-content\/uploads\/2021\/12\/taste-of-tea-600x400.jpg 600w, https:\/\/test.zhyvi-travy.com\/wp-content\/uploads\/2021\/12\/taste-of-tea.jpg 708w\" sizes=\"(max-width: 300px) 100vw, 300px\" \/><div class=\"cz_grid_details\"><i class=\"fa fa-search cz_grid_icon\"><\/i><h3>Biochemie des Teegeschmacks<\/h3><small class=\"clr\"><span class=\"cz_post_data cz_data_date\">Dezember 3, 2021<\/span><\/small><\/div><\/a><\/div><\/div><div data-id=\"2267\" class=\"cz_grid_item  cz_posts_list_odd 2267 post-2267 post type-post status-publish format-standard has-post-thumbnail hentry category-nutzlich tag-gesundheit tag-tee tag-wasser\"><div class=\"clr\"><a class=\"cz_grid_link\" href=\"https:\/\/test.zhyvi-travy.com\/de\/sollte-man-das-wasser-kochen-oder-nicht\/\" title=\"Sollte man das Wasser kochen oder nicht?\"><img width=\"300\" height=\"196\" src=\"https:\/\/test.zhyvi-travy.com\/wp-content\/uploads\/2021\/11\/to-boil-or-not-to-boil-water-300x196.jpg\" class=\"attachment-medium\" alt=\"\" decoding=\"async\" loading=\"lazy\" title=\"to-boil-or-not-to-boil-water\" srcset=\"https:\/\/test.zhyvi-travy.com\/wp-content\/uploads\/2021\/11\/to-boil-or-not-to-boil-water-300x196.jpg 300w, https:\/\/test.zhyvi-travy.com\/wp-content\/uploads\/2021\/11\/to-boil-or-not-to-boil-water-768x503.jpg 768w, https:\/\/test.zhyvi-travy.com\/wp-content\/uploads\/2021\/11\/to-boil-or-not-to-boil-water-600x393.jpg 600w, https:\/\/test.zhyvi-travy.com\/wp-content\/uploads\/2021\/11\/to-boil-or-not-to-boil-water.jpg 784w\" sizes=\"(max-width: 300px) 100vw, 300px\" \/><div class=\"cz_grid_details\"><i class=\"fa fa-search cz_grid_icon\"><\/i><h3>Sollte man das Wasser kochen oder nicht?<\/h3><small class=\"clr\"><span class=\"cz_post_data cz_data_date\">November 23, 2021<\/span><\/small><\/div><\/a><\/div><\/div><div data-id=\"2264\" class=\"cz_grid_item  cz_posts_list_even 2264 post-2264 post type-post status-publish format-standard has-post-thumbnail hentry category-nutzlich tag-gerbstoff tag-gesundheit tag-tee tag-vitamine\"><div class=\"clr\"><a class=\"cz_grid_link\" href=\"https:\/\/test.zhyvi-travy.com\/de\/einfach-erklaert-der-chemische-inhalt-des-tees\/\" title=\"Einfach erkl\u00e4rt: der chemische Inhalt des Tees.\"><img width=\"300\" height=\"200\" src=\"https:\/\/test.zhyvi-travy.com\/wp-content\/uploads\/2021\/11\/tea-composition-300x200.jpg\" class=\"attachment-medium\" alt=\"\" decoding=\"async\" loading=\"lazy\" title=\"\" srcset=\"https:\/\/test.zhyvi-travy.com\/wp-content\/uploads\/2021\/11\/tea-composition-300x200.jpg 300w, https:\/\/test.zhyvi-travy.com\/wp-content\/uploads\/2021\/11\/tea-composition-600x400.jpg 600w, https:\/\/test.zhyvi-travy.com\/wp-content\/uploads\/2021\/11\/tea-composition.jpg 717w\" sizes=\"(max-width: 300px) 100vw, 300px\" \/><div class=\"cz_grid_details\"><i class=\"fa fa-search cz_grid_icon\"><\/i><h3>Einfach erkl\u00e4rt: der chemische Inhalt des Tees.<\/h3><small class=\"clr\"><span class=\"cz_post_data cz_data_date\">November 28, 2021<\/span><\/small><\/div><\/a><\/div><\/div><div data-id=\"2260\" class=\"cz_grid_item  cz_posts_list_odd 2260 post-2260 post type-post status-publish format-standard has-post-thumbnail hentry category-nutzlich tag-fermentierter-tee tag-gesundheit tag-tee tag-vitamin-en-de\"><div class=\"clr\"><a class=\"cz_grid_link\" href=\"https:\/\/test.zhyvi-travy.com\/de\/was-kann-man-dem-tee-hinzufuegen-um-sich-im-winter-aufzuwaermen-und-die-immunitaet-zu-staerken\/\" title=\"Was kann man dem Tee hinzuf\u00fcgen, um sich im Winter aufzuw\u00e4rmen und die Immunit\u00e4t zu st\u00e4rken?\"><img width=\"300\" height=\"183\" src=\"https:\/\/test.zhyvi-travy.com\/wp-content\/uploads\/2021\/12\/post-girl-holding-cup-tea-hands-300x183.jpg\" class=\"attachment-medium\" alt=\"\" decoding=\"async\" loading=\"lazy\" title=\"\" srcset=\"https:\/\/test.zhyvi-travy.com\/wp-content\/uploads\/2021\/12\/post-girl-holding-cup-tea-hands-300x183.jpg 300w, https:\/\/test.zhyvi-travy.com\/wp-content\/uploads\/2021\/12\/post-girl-holding-cup-tea-hands-768x470.jpg 768w, https:\/\/test.zhyvi-travy.com\/wp-content\/uploads\/2021\/12\/post-girl-holding-cup-tea-hands-600x367.jpg 600w, https:\/\/test.zhyvi-travy.com\/wp-content\/uploads\/2021\/12\/post-girl-holding-cup-tea-hands.jpg 808w\" sizes=\"(max-width: 300px) 100vw, 300px\" \/><div class=\"cz_grid_details\"><i class=\"fa fa-search cz_grid_icon\"><\/i><h3>Was kann man dem Tee hinzuf\u00fcgen, um sich im Winter aufzuw\u00e4rmen und die Immunit\u00e4t zu st\u00e4rken?<\/h3><small class=\"clr\"><span class=\"cz_post_data cz_data_date\">Dezember 11, 2021<\/span><\/small><\/div><\/a><\/div><\/div><\/div><\/div>[\/vc_column][\/vc_row][vc_row][vc_column]<div class=\"cz_gap clr \" style=\"height: 100px\"><\/div>[\/vc_column][\/vc_row]<\/p>\n<\/div>","protected":false},"excerpt":{"rendered":"<p>[vc_row css=&#8220;.vc_custom_1516703594032{padding-top: 30px !important;padding-bottom: 40px !important;}&#8220;][vc_column width=&#8220;2\/3&#8243; offset=&#8220;vc_col-sm-offset-0&#8243;][vc_column_text]Marke &#8222;Lebende Kr\u00e4uter&#8220; ist ein Hersteller der umweltfreundlichen fermentierten Tees. Wir erobern die &#8230; <a class=\"cz_readmore\" href=\"https:\/\/test.zhyvi-travy.com\/de\/was-kann-man-dem-tee-hinzufuegen-um-sich-im-winter-aufzuwaermen-und-die-immunitaet-zu-staerken\/\"><i class=\"fa czico-063-menu-2\" aria-hidden=\"true\"><\/i><span>\u0414\u0435\u0442\u0430\u043b\u044c\u043d\u0456\u0448\u0435<\/span><\/a><\/p>\n","protected":false},"author":1,"featured_media":0,"parent":0,"menu_order":0,"comment_status":"closed","ping_status":"closed","template":"","meta":[],"aioseo_notices":[],"_links":{"self":[{"href":"https:\/\/test.zhyvi-travy.com\/de\/wp-json\/wp\/v2\/pages\/2191"}],"collection":[{"href":"https:\/\/test.zhyvi-travy.com\/de\/wp-json\/wp\/v2\/pages"}],"about":[{"href":"https:\/\/test.zhyvi-travy.com\/de\/wp-json\/wp\/v2\/types\/page"}],"author":[{"embeddable":true,"href":"https:\/\/test.zhyvi-travy.com\/de\/wp-json\/wp\/v2\/users\/1"}],"replies":[{"embeddable":true,"href":"https:\/\/test.zhyvi-travy.com\/de\/wp-json\/wp\/v2\/comments?post=2191"}],"version-history":[{"count":6,"href":"https:\/\/test.zhyvi-travy.com\/de\/wp-json\/wp\/v2\/pages\/2191\/revisions"}],"predecessor-version":[{"id":2250,"href":"https:\/\/test.zhyvi-travy.com\/de\/wp-json\/wp\/v2\/pages\/2191\/revisions\/2250"}],"wp:attachment":[{"href":"https:\/\/test.zhyvi-travy.com\/de\/wp-json\/wp\/v2\/media?parent=2191"}],"curies":[{"name":"wp","href":"https:\/\/api.w.org\/{rel}","templated":true}]}}